{"id":901,"date":"2020-12-19T10:51:33","date_gmt":"2020-12-19T10:51:33","guid":{"rendered":"https:\/\/www.nemea.cat\/sobre-nosotros\/"},"modified":"2022-12-27T06:54:00","modified_gmt":"2022-12-27T06:54:00","slug":"sobre-nosotros","status":"publish","type":"page","link":"https:\/\/www.nemea.cat\/es\/sobre-nosotros\/","title":{"rendered":"Sobre Nosotros"},"content":{"rendered":"<div class=\"wpb-content-wrapper\"><p>[vc_row no_padding=\u00bbyes\u00bb el_class=\u00bbpc-section-shape-background py-5&#8243; css=\u00bb.vc_custom_1608375578442{background-color: #f7f7f7 !important;}\u00bb][vc_column]<div class=\"porto-container container position-relative z-index-2 my-5 \">[vc_row_inner content_placement=\u00bbmiddle\u00bb][vc_column_inner el_class=\u00bbpe-lg-5 mb-4 mb-lg-0&#8243; offset=\u00bbvc_col-md-6&#8243;][vc_single_image image=\u00bb729&#8243; img_size=\u00bbfull\u00bb animation_delay=\u00bb200&#8243; el_class=\u00bbmb-0 box-shadow-3&#8243; animation_type=\u00bbfadeInLeft\u00bb][\/vc_column_inner][vc_column_inner animation_delay=\u00bb500&#8243; offset=\u00bbvc_col-md-6&#8243; animation_type=\u00bbfadeInLeft\u00bb][vc_custom_heading text=\u00bbNEMEA &#8211; Sistemas Contra Incendios\u00bb font_container=\u00bbtag:h3|font_size:1.2em|text_align:left|line_height:42px\u00bb use_theme_fonts=\u00bbyes\u00bb font_weight=\u00bb500&#8243; skin=\u00bbprimary\u00bb letter_spacing=\u00bb2.5px\u00bb animation_delay=\u00bb\u00bb el_class=\u00bbmb-0&#8243;][vc_custom_heading text=\u00bbNemea Sistemas Contra Incendios<br \/>\nes una empresa instaladora y mantenedora de sistemas de seguridad y de protecci\u00f3n contra incendios\u00bb font_container=\u00bbtag:h2|font_size:2.5em|text_align:left|line_height:1.2&#8243; use_theme_fonts=\u00bbyes\u00bb font_weight=\u00bb700&#8243; animation_delay=\u00bb\u00bb el_class=\u00bbmb-3&#8243;][vc_custom_heading text=\u00bb\u00bb font_container=\u00bbtag:p|font_size:1.4em|text_align:left|line_height:1.7&#8243; use_theme_fonts=\u00bbyes\u00bb animation_delay=\u00bb\u00bb el_class=\u00bbcustom-font1 pb-3 mb-4&#8243;][vc_custom_heading text=\u00bbGracias a nuestro recorrido podemos afirmar que somos expertos en proteger lo que m\u00e1s te importa; llevamos m\u00e1s de 17 a\u00f1os en la lucha contraincendios, minimizando p\u00e9rdidas personales y materiales. Somos fieles creyentes de que, cuando de fuego se trata, es preferible evitarlo a tener que controlarlo.<br \/>\nNos dedicamos a la venta, instalaci\u00f3n, mantenimiento y reparaci\u00f3n de toda clase de aparatos contra incendios. Adem\u00e1s, nos hacemos cargo de la instalaci\u00f3n y mantenimiento de baja tensi\u00f3n (categor\u00eda b\u00e1sica y especialista), y de instalaciones t\u00e9rmicas en edificios.\u00bb font_container=\u00bbtag:p|text_align:left\u00bb use_theme_fonts=\u00bbyes\u00bb el_class=\u00bbmb-0&#8243;][\/vc_column_inner][\/vc_row_inner]<\/div>[\/vc_column][\/vc_row][vc_row no_padding=\u00bbyes\u00bb el_class=\u00bbpc-section-shape-background shape-reverse py-5&#8243; css=\u00bb.vc_custom_1608376009226{background-color: #f7f7f7 !important;}\u00bb][vc_column]<div class=\"porto-container container position-relative z-index-2 my-5 \">[vc_row_inner content_placement=\u00bbmiddle\u00bb][vc_column_inner el_class=\u00bbps-lg-5 mb-4 mb-lg-0 order-lg-1&#8243; animation_delay=\u00bb\u00bb offset=\u00bbvc_col-md-6&#8243;][vc_single_image image=\u00bb732&#8243; img_size=\u00bbfull\u00bb animation_delay=\u00bb500&#8243; el_class=\u00bbmb-0 box-shadow-3&#8243; animation_type=\u00bbfadeInRight\u00bb][\/vc_column_inner][vc_column_inner animation_delay=\u00bb200&#8243; offset=\u00bbvc_col-md-6&#8243; animation_type=\u00bbfadeInRight\u00bb][vc_custom_heading text=\u00bbSobre nosotros\u00bb font_container=\u00bbtag:h3|font_size:1.2em|text_align:left|line_height:42px\u00bb use_theme_fonts=\u00bbyes\u00bb font_weight=\u00bb500&#8243; skin=\u00bbprimary\u00bb letter_spacing=\u00bb2.5px\u00bb animation_delay=\u00bb\u00bb el_class=\u00bbmb-0&#8243;][vc_custom_heading text=\u00bbQui\u00e9nes somos\u00bb font_container=\u00bbtag:h2|font_size:2.5em|text_align:left|line_height:1.2&#8243; use_theme_fonts=\u00bbyes\u00bb font_weight=\u00bb700&#8243; animation_delay=\u00bb\u00bb el_class=\u00bbmb-3&#8243;][vc_custom_heading text=\u00bbCumplimos con los reglamentos vigentes: Reglamento de instalaciones de protecci\u00f3n contra incendios, Reglamento electrot\u00e9cnico para baja tensi\u00f3n, y el Reglamento instalaciones t\u00e9rmicas en los edificios (RITE).\u00bb font_container=\u00bbtag:p|font_size:1.4em|text_align:left|line_height:1.7&#8243; use_theme_fonts=\u00bbyes\u00bb animation_delay=\u00bb\u00bb el_class=\u00bbcustom-font1 pb-3 mb-4&#8243;][vc_custom_heading text=\u00bbLos productos que instalamos est\u00e1n homologados y acreditados del cumplimiento de los requisitos de seguridad y marcado CE. Pero no te alarmes, el conocimiento de la normativa nos corresponde a nosotros. Comp\u00e1rtenos tus dudas y nosotros las resolveremos con mucho gusto, del mismo modo que te suministraremos los mejores medios para tu instalaci\u00f3n.\u00bb font_container=\u00bbtag:p|text_align:left\u00bb use_theme_fonts=\u00bbyes\u00bb el_class=\u00bbmb-0&#8243;][\/vc_column_inner][\/vc_row_inner]<\/div>[\/vc_column][\/vc_row][vc_row wrap_container=\u00bbyes\u00bb el_class=\u00bbbackground-color-light position-relative z-index-2 py-5&#8243;][vc_column el_class=\u00bbpt-3 mt-5&#8243;]<div class=\"porto-animation overflow-hidden\" >[vc_custom_heading text=\u00bbNUESTRO PROP\u00d3SITO\u00bb font_container=\u00bbtag:h3|font_size:1.2em|text_align:center|line_height:42px\u00bb use_theme_fonts=\u00bbyes\u00bb font_weight=\u00bb500&#8243; skin=\u00bbprimary\u00bb letter_spacing=\u00bb2.5px\u00bb animation_delay=\u00bb200&#8243; el_class=\u00bbmb-0&#8243; animation_type=\u00bbmaskUp\u00bb]<\/div><div class=\"porto-animation overflow-hidden mb-3\" >[vc_custom_heading text=\u00bbMisi\u00f3n, visi\u00f3n y valores\u00bb font_container=\u00bbtag:h2|font_size:2.5em|text_align:center|line_height:1.2&#8243; use_theme_fonts=\u00bbyes\u00bb font_weight=\u00bb700&#8243; animation_delay=\u00bb500&#8243; el_class=\u00bbmb-0&#8243; animation_type=\u00bbmaskUp\u00bb]<\/div>[vc_custom_heading text=\u00bbNuestra raz\u00f3n de ser y, en definitiva, lo que nos mueve a actuar todos los d\u00edas es la protecci\u00f3n y seguridad del patrimonio y vidas humanas. Queremos ser esa burbuja protectora que ampare tus bienes y seres m\u00e1s preciados.\u00bb font_container=\u00bbtag:p|font_size:1.4em|text_align:center|line_height:1.7&#8243; use_theme_fonts=\u00bbyes\u00bb animation_delay=\u00bb600&#8243; el_class=\u00bbcustom-font1 col-lg-9 col-xl-8 px-0 mx-auto mb-5&#8243; animation_type=\u00bbfadeInUp\u00bb][vc_custom_heading text=\u00bbEn vista al futuro y, siguiendo trabajando con la fuerza tan caracter\u00edstica del elemento fuego, nos proyectamos como l\u00edderes en el sector de la protecci\u00f3n contra incendios. Con mucho \u00edmpetu por accionarnos y superarnos diariamente, propagamos nuestras llamas cargadas de voluntad, pasi\u00f3n y calidez.\u00bb font_container=\u00bbtag:p|text_align:center\u00bb use_theme_fonts=\u00bbyes\u00bb el_class=\u00bbmb-0&#8243; css=\u00bb.vc_custom_1671705741899{padding-right: 2rem !important;padding-bottom: 1rem !important;padding-left: 2rem !important;}\u00bb]<div class=\"porto-carousel owl-carousel has-ccols has-ccols-spacing ccols-xl-4 ccols-lg-3 ccols-md-2 ccols-sm-1 ccols-1 mb-5 section-industries stage-margin wpb_custom_324659f3639fc50e0d07e21da55ccd7b nav-style-1\" data-appear-animation=\"fadeInUp\" data-appear-animation-delay=\"750\" data-plugin-options=\"{&quot;themeConfig&quot;:true,&quot;stagePadding&quot;:75,&quot;margin&quot;:20,&quot;autoplay&quot;:false,&quot;mouseDrag&quot;:true,&quot;touchDrag&quot;:true,&quot;autoplayTimeout&quot;:5000,&quot;autoplayHoverPause&quot;:false,&quot;items&quot;:4,&quot;xl&quot;:4,&quot;lg&quot;:3,&quot;md&quot;:2,&quot;sm&quot;:1,&quot;xs&quot;:1,&quot;nav&quot;:&quot;yes&quot;,&quot;dots&quot;:false,&quot;animateIn&quot;:&quot;&quot;,&quot;animateOut&quot;:&quot;&quot;,&quot;loop&quot;:false,&quot;center&quot;:false,&quot;video&quot;:false,&quot;lazyLoad&quot;:false,&quot;fullscreen&quot;:false}\"><div class=\"porto-ultimate-content-box-container \"><style>.porto_ucb_21b6bf01188be9ba0119a2cb5c097588{will-change: box-shadow;box-shadow: none;}.porto_ucb_21b6bf01188be9ba0119a2cb5c097588:hover{box-shadow:none}<\/style><div class=\"porto-ultimate-content-box vc_custom_1608383819876 porto_ucb_21b6bf01188be9ba0119a2cb5c097588\" style=\"background-color:#4d4e50;min-height:277px;\" data-bg=\"#4d4e50\">[vc_custom_heading text=\u00bbCeleridad\u00bb font_container=\u00bbtag:h4|font_size:1.8em|text_align:center\u00bb use_theme_fonts=\u00bbyes\u00bb skin=\u00bblight\u00bb el_class=\u00bbmb-4&#8243;][vc_custom_heading text=\u00bbRapidez garantizada para poner remedio a tiempo. Conocemos de primera mano que con el fuego cada minuto cuenta.\u00bb font_container=\u00bbtag:p|text_align:center|color:rgba(255%2C255%2C255%2C0.6)\u00bb use_theme_fonts=\u00bbyes\u00bb font_weight=\u00bb300&#8243; el_class=\u00bbmb-0&#8243;]<\/div><\/div><div class=\"porto-ultimate-content-box-container \"><style>.porto_ucb_21b6bf01188be9ba0119a2cb5c097588{will-change: box-shadow;box-shadow: none;}.porto_ucb_21b6bf01188be9ba0119a2cb5c097588:hover{box-shadow:none}<\/style><div class=\"porto-ultimate-content-box vc_custom_1608383819876 porto_ucb_21b6bf01188be9ba0119a2cb5c097588\" style=\"background-color:#4d4e50;min-height:277px;\" data-bg=\"#4d4e50\">[vc_custom_heading text=\u00bbSeguridad\u00bb font_container=\u00bbtag:h4|font_size:1.8em|text_align:center\u00bb use_theme_fonts=\u00bbyes\u00bb skin=\u00bblight\u00bb el_class=\u00bbmb-4&#8243;][vc_custom_heading text=\u00bbVelamos por la salud e integridad de todos los agentes involucrados, desde empleados, subcontratistas, clientes y sociedad en general.\u00bb font_container=\u00bbtag:p|text_align:center|color:rgba(255%2C255%2C255%2C0.6)\u00bb use_theme_fonts=\u00bbyes\u00bb font_weight=\u00bb300&#8243; el_class=\u00bbmb-0&#8243;]<\/div><\/div><div class=\"porto-ultimate-content-box-container \"><style>.porto_ucb_21b6bf01188be9ba0119a2cb5c097588{will-change: box-shadow;box-shadow: none;}.porto_ucb_21b6bf01188be9ba0119a2cb5c097588:hover{box-shadow:none}<\/style><div class=\"porto-ultimate-content-box vc_custom_1608383819876 porto_ucb_21b6bf01188be9ba0119a2cb5c097588\" style=\"background-color:#4d4e50;min-height:277px;\" data-bg=\"#4d4e50\">[vc_custom_heading text=\u00bbMejora continua\u00bb font_container=\u00bbtag:h4|font_size:1.8em|text_align:center\u00bb use_theme_fonts=\u00bbyes\u00bb skin=\u00bblight\u00bb el_class=\u00bbmb-4&#8243;][vc_custom_heading text=\u00bbBuscamos y fomentamos la prevenci\u00f3n integral en el desarrollo de actividades y la mejora en la eficiencia de los procesos de trabajo.\u00bb font_container=\u00bbtag:p|text_align:center|color:rgba(255%2C255%2C255%2C0.6)\u00bb use_theme_fonts=\u00bbyes\u00bb font_weight=\u00bb300&#8243; el_class=\u00bbmb-0&#8243;]<\/div><\/div><div class=\"porto-ultimate-content-box-container \"><style>.porto_ucb_21b6bf01188be9ba0119a2cb5c097588{will-change: box-shadow;box-shadow: none;}.porto_ucb_21b6bf01188be9ba0119a2cb5c097588:hover{box-shadow:none}<\/style><div class=\"porto-ultimate-content-box vc_custom_1608383819876 porto_ucb_21b6bf01188be9ba0119a2cb5c097588\" style=\"background-color:#4d4e50;min-height:277px;\" data-bg=\"#4d4e50\">[vc_custom_heading text=\u00bbAdaptabilidad\u00bb font_container=\u00bbtag:h4|font_size:1.8em|text_align:center\u00bb use_theme_fonts=\u00bbyes\u00bb skin=\u00bblight\u00bb el_class=\u00bbmb-4&#8243;][vc_custom_heading text=\u00bbGracias a nuestros profesionales y medios tecnol\u00f3gicos garantizamos soluciones adaptadas a tus necesidades.\u00bb font_container=\u00bbtag:p|text_align:center|color:rgba(255%2C255%2C255%2C0.6)\u00bb use_theme_fonts=\u00bbyes\u00bb font_weight=\u00bb300&#8243; el_class=\u00bbmb-0&#8243;]<\/div><\/div><\/div>[\/vc_column][\/vc_row][vc_row content_placement=\u00bbmiddle\u00bb wrap_container=\u00bbyes\u00bb css=\u00bb.vc_custom_1608386006625{padding-top: 5.5rem !important;padding-bottom: 5.5rem !important;background: #d80d07 url(\/\/sw-themes.com\/porto_dummy\/wp-content\/uploads\/2020\/12\/industry-background-2.jpg?id=125) !important;background-position: center !important;background-repeat: no-repeat !important;background-size: cover !important;}\u00bb el_class=\u00bboverlay-primary\u00bb][vc_column width=\u00bb2\/3&#8243; el_class=\u00bbmb-4 mb-lg-0&#8243; offset=\u00bbvc_col-md-9&#8243;][vc_custom_heading text=\u00bbValoramos tu caso sin ning\u00fan compromiso\u00bb font_container=\u00bbtag:h2|font_size:2.2em|text_align:left|line_height:1.3636&#8243; use_theme_fonts=\u00bbyes\u00bb font_weight=\u00bb700&#8243; skin=\u00bblight\u00bb letter_spacing=\u00bb.16em\u00bb el_class=\u00bbmb-0&#8243;][\/vc_column][vc_column offset=\u00bbvc_col-md-3&#8243;][vc_btn title=\u00bbMe Interesa\u00bb style=\u00bbmodern\u00bb size=\u00bblg\u00bb align=\u00bbleft\u00bb skin=\u00bblight\u00bb btn_fw=\u00bb700&#8243; animation_delay=\u00bb900&#8243; link=\u00bburl:https%3A%2F%2Fwww.nemea.cat%2Fes%2Fpresupuesto%2F|title:Presupuesto\u00bb el_class=\u00bbbtn-triangle text-lg-end mb-0&#8243;][\/vc_column][\/vc_row][vc_row wrap_container=\u00bbyes\u00bb el_class=\u00bbmy-5 p-t-xl p-b-xl\u00bb][vc_column offset=\u00bbvc_col-md-6&#8243;]<div class=\"porto-animation overflow-hidden mb-2\" >[vc_custom_heading text=\u00bbAlianzas\u00bb font_container=\u00bbtag:h2|font_size:3em|text_align:left|line_height:1.2&#8243; use_theme_fonts=\u00bbyes\u00bb font_weight=\u00bb700&#8243; animation_delay=\u00bb200&#8243; el_class=\u00bbmb-0&#8243; animation_type=\u00bbmaskUp\u00bb]<\/div><div class=\"porto-animation overflow-hidden mb-3\" >[vc_custom_heading text=\u00bbCON QUI\u00c9N COLABORAMOS\u00bb font_container=\u00bbtag:h3|font_size:1.2em|text_align:left|line_height:24px\u00bb use_theme_fonts=\u00bbyes\u00bb font_weight=\u00bb500&#8243; skin=\u00bbprimary\u00bb letter_spacing=\u00bb2.5px\u00bb animation_delay=\u00bb400&#8243; el_class=\u00bbmb-0&#8243; animation_type=\u00bbmaskUp\u00bb]<\/div>[vc_custom_heading text=\u00bbSomos una empresa asociada a la Asociaci\u00f3n Espa\u00f1ola de empresas instaladoras y mantenedoras de equipos y sistemas de protecci\u00f3n contra incendios.\u00bb font_container=\u00bbtag:p|font_size:1.4em|text_align:left|line_height:1.7&#8243; use_theme_fonts=\u00bbyes\u00bb animation_delay=\u00bb600&#8243; el_class=\u00bbcustom-font1 mb-0&#8243; animation_type=\u00bbfadeInUp\u00bb][\/vc_column][vc_column offset=\u00bbvc_col-md-6&#8243;][vc_custom_heading text=\u00bb\u00bb font_container=\u00bbtag:p|text_align:left\u00bb use_theme_fonts=\u00bbyes\u00bb animation_delay=\u00bb450&#8243; animation_type=\u00bbfadeInUp\u00bb el_class=\u00bbpt-3 mb-3&#8243;][vc_single_image image=\u00bb497&#8243; img_size=\u00bblarge\u00bb][\/vc_column][\/vc_row]<\/p>\n<\/div>","protected":false},"excerpt":{"rendered":"<p>[vc_row no_padding=\u00bbyes\u00bb el_class=\u00bbpc-section-shape-background py-5&#8243; css=\u00bb.vc_custom_1608375578442{background-color: #f7f7f7 !important;}\u00bb][vc_column][\/vc_column][\/vc_row][vc_row no_padding=\u00bbyes\u00bb el_class=\u00bbpc-section-shape-background shape-reverse py-5&#8243; css=\u00bb.vc_custom_1608376009226{background-color: #f7f7f7 !important;}\u00bb][vc_column][\/vc_column][\/vc_row][vc_row wrap_container=\u00bbyes\u00bb el_class=\u00bbbackground-color-light position-relative z-index-2 py-5&#8243;][vc_column el_class=\u00bbpt-3 mt-5&#8243;][vc_custom_heading text=\u00bbNuestra raz\u00f3n de ser y, en definitiva, lo que nos mueve a actuar todos los d\u00edas es la protecci\u00f3n y seguridad del patrimonio y vidas humanas. Queremos ser esa burbuja protectora que ampare tus [&hellip;]<\/p>\n","protected":false},"author":1,"featured_media":0,"parent":0,"menu_order":0,"comment_status":"closed","ping_status":"closed","template":"","meta":{"_acf_changed":false,"om_disable_all_campaigns":false,"_monsterinsights_skip_tracking":false,"_monsterinsights_sitenote_active":false,"_monsterinsights_sitenote_note":"","_monsterinsights_sitenote_category":0,"footnotes":""},"class_list":["post-901","page","type-page","status-publish","hentry"],"acf":[],"aioseo_notices":[],"_links":{"self":[{"href":"https:\/\/www.nemea.cat\/es\/wp-json\/wp\/v2\/pages\/901","targetHints":{"allow":["GET"]}}],"collection":[{"href":"https:\/\/www.nemea.cat\/es\/wp-json\/wp\/v2\/pages"}],"about":[{"href":"https:\/\/www.nemea.cat\/es\/wp-json\/wp\/v2\/types\/page"}],"author":[{"embeddable":true,"href":"https:\/\/www.nemea.cat\/es\/wp-json\/wp\/v2\/users\/1"}],"replies":[{"embeddable":true,"href":"https:\/\/www.nemea.cat\/es\/wp-json\/wp\/v2\/comments?post=901"}],"version-history":[{"count":4,"href":"https:\/\/www.nemea.cat\/es\/wp-json\/wp\/v2\/pages\/901\/revisions"}],"predecessor-version":[{"id":1087,"href":"https:\/\/www.nemea.cat\/es\/wp-json\/wp\/v2\/pages\/901\/revisions\/1087"}],"wp:attachment":[{"href":"https:\/\/www.nemea.cat\/es\/wp-json\/wp\/v2\/media?parent=901"}],"curies":[{"name":"wp","href":"https:\/\/api.w.org\/{rel}","templated":true}]}}