{"id":892,"date":"2020-12-19T15:06:24","date_gmt":"2020-12-19T15:06:24","guid":{"rendered":"https:\/\/www.nemea.cat\/seguridad-incendios\/"},"modified":"2022-12-27T07:21:46","modified_gmt":"2022-12-27T07:21:46","slug":"seguridad-incendios","status":"publish","type":"page","link":"https:\/\/www.nemea.cat\/es\/servicios\/seguridad-incendios\/","title":{"rendered":"Sistemas de seguridad y contra incendios"},"content":{"rendered":"<div class=\"wpb-content-wrapper\"><p>[vc_row full_width=\u00bbstretch_row_content\u00bb css=\u00bb.vc_custom_1671791406540{background-color: #f7f7f7 !important;}\u00bb conditional_render=\u00bb%5B%7B%22value_role%22%3A%22administrator%22%7D%5D\u00bb][vc_column el_class=\u00bbpt-5 pb-2 pb-lg-5&#8243;][vc_raw_html el_class=\u00bbmb-0 tri-bottom\u00bb]JTNDc3ZnJTIwdmVyc2lvbiUzRCUyMjEuMSUyMiUyMHhtbG5zJTNEJTIyaHR0cCUzQSUyRiUyRnd3dy53My5vcmclMkYyMDAwJTJGc3ZnJTIyJTIweG1sbnMlM0F4bGluayUzRCUyMmh0dHAlM0ElMkYlMkZ3d3cudzMub3JnJTJGMTk5OSUyRnhsaW5rJTIyJTIweCUzRCUyMjBweCUyMiUyMHklM0QlMjIwcHglMjIlMjB2aWV3Qm94JTNEJTIyMCUyMDAlMjAyMDAwJTIwMTIwJTIyJTIwcHJlc2VydmVBc3BlY3RSYXRpbyUzRCUyMnhNaW5ZTWluJTIyJTNFJTBBJTA5JTNDcG9seWdvbiUyMGZpbGwlM0QlMjIlMjNGRkYlMjIlMjBwb2ludHMlM0QlMjItMTElMkMyJTIwNjkzJTJDMTEyJTIwMjAxOSUyQzYlMjAyMDE5JTJDMTM1JTIwLTExJTJDMTM1JTIwJTIyJTNFJTNDJTJGcG9seWdvbiUzRSUwQSUzQyUyRnN2ZyUzRQ==[\/vc_raw_html]<div class=\"porto-container container pt-3 pb-5 mb-5 \"><div class=\"porto-ultimate-content-box-container pc-thumb-info-style-1 active box-shadow-3 float-md-end position-relative z-index-1 mb-3 ms-lg-5\" data-appear-animation=\"fadeInUp\" data-appear-animation-delay=\"800\"><style>.porto_ucb_21b6bf01188be9ba0119a2cb5c097588{will-change: box-shadow;box-shadow: none;}.porto_ucb_21b6bf01188be9ba0119a2cb5c097588:hover{box-shadow:none}<\/style><div class=\"porto-ultimate-content-box porto_ucb_21b6bf01188be9ba0119a2cb5c097588\" style=\"\">[vc_single_image image=\u00bb468&#8243; img_size=\u00bbfull\u00bb alignment=\u00bbcenter\u00bb el_class=\u00bbmb-0 custom-thumb-info-icon background-color-primary\u00bb css=\u00bb.vc_custom_1608391995332{padding-top: 2.5rem !important;padding-bottom: 2.5rem !important;}\u00bb][vc_single_image image=\u00bb684&#8243; img_size=\u00bbfull\u00bb alignment=\u00bbcenter\u00bb el_class=\u00bbmb-3 thumb-info-wrapper\u00bb]<\/div><\/div>[vc_custom_heading text=\u00bbINSTALACI\u00d3N Y MANTENIMIENTO DE\u00bb font_container=\u00bbtag:h3|font_size:1.2em|text_align:left|line_height:42px\u00bb use_theme_fonts=\u00bbyes\u00bb font_weight=\u00bb500&#8243; skin=\u00bbprimary\u00bb letter_spacing=\u00bb2.5px\u00bb animation_delay=\u00bb200&#8243; el_class=\u00bbmb-0&#8243; animation_type=\u00bbfadeInUp\u00bb][vc_custom_heading text=\u00bbSistemas de seguridad y contra incendios\u00bb font_container=\u00bbtag:h2|font_size:2.5em|text_align:left|line_height:1.2&#8243; use_theme_fonts=\u00bbyes\u00bb font_weight=\u00bb700&#8243; animation_delay=\u00bb400&#8243; el_class=\u00bbmb-3&#8243; animation_type=\u00bbfadeInUp\u00bb][vc_custom_heading text=\u00bbEstablecemos el dise\u00f1o, la ejecuci\u00f3n, la puesta en funcionamiento y el mantenimiento e inspecci\u00f3n de las instalaciones de protecci\u00f3n contra incendios, as\u00ed como sus materiales, componentes y equipos.\u00bb font_container=\u00bbtag:p|font_size:1.4em|text_align:left|line_height:1.7&#8243; use_theme_fonts=\u00bbyes\u00bb animation_delay=\u00bb600&#8243; el_class=\u00bbcustom-font1 mb-4&#8243; animation_type=\u00bbfadeInUp\u00bb][vc_custom_heading text=\u00bbUbicamos equipos y\/o sistemas de protecci\u00f3n activa contra incendios en locales industriales, comerciales, hospitalarios, de p\u00fablica concurrencia, residenciales, aparcamientos y, en transporte.\u00bb font_container=\u00bbtag:p|text_align:left\u00bb use_theme_fonts=\u00bbyes\u00bb animation_delay=\u00bb800&#8243; el_class=\u00bbmb-0&#8243; animation_type=\u00bbfadeInUp\u00bb][vc_custom_heading text=\u00bbAlgunas de las partes o componentes que conforman las instalaciones de protecci\u00f3n activa contra incendios que realizamos son:\u00bb font_container=\u00bbtag:p|text_align:left\u00bb use_theme_fonts=\u00bbyes\u00bb animation_delay=\u00bb1200&#8243; el_class=\u00bbpb-2 mb-4&#8243; animation_type=\u00bbfadeInUp\u00bb css=\u00bb.vc_custom_1671181912914{padding-top: 40px !important;}\u00bb][vc_accordion type=\u00bbwithout-bg without-borders\u00bb][vc_accordion_tab title=\u00bbSistemas de detecci\u00f3n y de alarma de incendios\u00bb][vc_column_text]Estos sensores son los m\u00e1ximos responsables de enviar una se\u00f1al de aviso de fuego. La activaci\u00f3n de la alarma de incendio puede ser manual, mediante pulsadores de alarma, o autom\u00e1tica, con la ayuda de detectores de calor puntuales, detectores de humo puntuales, detectores de llama puntuales, detectores de humo lineales y detectores de humos por aspiraci\u00f3n.[\/vc_column_text][\/vc_accordion_tab][vc_accordion_tab title=\u00bbSistemas de abastecimiento de agua contra incendios\u00bb][vc_column_text]Formado por un conjunto de fuentes de agua, equipos de impulsi\u00f3n y una red general de incendios destinada a asegurar el caudal, presi\u00f3n y reserva de agua necesarios durante el tiempo de autonom\u00eda requerido.[\/vc_column_text][\/vc_accordion_tab][vc_accordion_tab title=\u00bbSistemas de hidrantes contra incendios\u00bb][vc_column_text]Compuestos por una red de tuber\u00edas para la alimentaci\u00f3n de agua, e hidrantes con gran caudal del tipo de columna o bajo tierra.[\/vc_column_text][\/vc_accordion_tab][vc_accordion_tab title=\u00bbExtintores port\u00e1tiles y m\u00f3viles\u00bb][vc_column_text]Los primeros utilizados a mano y con una masa de hasta 20 kg, y los segundos accionados a mano, montados sobre ruedas y con una masa superior a los 20 kg.[\/vc_column_text][\/vc_accordion_tab][vc_accordion_tab title=\u00bbSistemas de columna seca\u00bb][vc_column_text]Compuestos por una toma de agua en fachada o en zona accesible al Servicio Contra Incendios, y una columna de tuber\u00eda de acero galvanizado DN80.[\/vc_column_text][\/vc_accordion_tab][vc_accordion_tab title=\u00bbSistemas para el control de humos y de calor\u00bb][vc_column_text]Estos sistemas pueden extraer los gases calientes generados al inicio de un incendio y crear \u00e1reas libres de humo por debajo de capas de humo flotante, favoreciendo as\u00ed las condiciones de evacuaci\u00f3n y facilitando las labores de extinci\u00f3n.[\/vc_column_text][\/vc_accordion_tab][vc_accordion_tab title=\u00bbMantas ign\u00edfugas\u00bb][vc_column_text]Son l\u00e1minas de material flexible destinadas a extinguir por sofocaci\u00f3n peque\u00f1os fuegos.[\/vc_column_text][\/vc_accordion_tab][vc_accordion_tab title=\u00bbMaterial de se\u00f1alizaci\u00f3n, balizamientos y planes de evacuaci\u00f3n\u00bb][vc_column_text]El alumbrado de emergencia asegura, aun en caso de fallo en el suministro del alumbrado normal, la iluminaci\u00f3n en las instalaciones hasta las salidas, para garantizar la seguridad de las personas que evacuen la zona y permitir la identificaci\u00f3n de los equipos de protecci\u00f3n existentes.Los sistemas de se\u00f1alizaci\u00f3n podr\u00e1n ser fotoluminiscentes o bien sistemas alimentados el\u00e9ctricamente (fluorescencia, diodos de emisi\u00f3n de luz, electroluminiscencia\u2026), que gu\u00edan y facilitan la evacuaci\u00f3n de los ocupantes.[\/vc_column_text][\/vc_accordion_tab][vc_accordion_tab title=\u00bbRed de rociadores para grandes espacios\u00bb][vc_column_text]<span class=\"ILfuVd\" lang=\"es\"><span class=\"hgKElc\">Sistemas compuestos por un conjunto de tuber\u00edas, dispositivos y accesorios interconectados entre s\u00ed desde una estaci\u00f3n de bombeo hasta un aplicador termo sensible (<b>rociador<\/b>) que tiene como objetivo descargar agua con el fin de extinguir un incendio en su etapa inicial.<\/span><\/span>[\/vc_column_text][\/vc_accordion_tab][vc_accordion_tab title=\u00bbSistemas de Bocas de Incendio Equipadas (BIE) con mangueras planas o semirr\u00edgidas para ser usadas por los servicios profesionales de extinci\u00f3n.\u00bb][vc_column_text]<span class=\"ILfuVd\" lang=\"es\"><span class=\"hgKElc\">Los Sistemas de Bocas de Incendios Equipadas son equipos completos de material contra incendios fijos y anclados a la pared, conectados a la red de abastecimiento de agua. Incluye todos los elementos necesarios para su uso: manguera, devanadera, v\u00e1lvula y lanza boquilla.<\/span><\/span>[\/vc_column_text][\/vc_accordion_tab][vc_accordion_tab title=\u00bbSistemas fijos de extinci\u00f3n por agua nebulizada, por espuma f\u00edsica, por polvo, por agentes extintores gaseosos, y por aerosoles condensados.\u00bb][vc_column_text]<span class=\"ILfuVd\" lang=\"es\"><span class=\"hgKElc\">Utiliza un tama\u00f1o de gota de agua muy reducido para enfriar la llama y los gases generados en la combusti\u00f3n, provocando la sofocaci\u00f3n del incendio. Es una alternativa al uso de sistemas fijos de extinci\u00f3n mediante agentes gaseosos y rociadores de agua.<\/span><\/span>[\/vc_column_text][\/vc_accordion_tab][\/vc_accordion]<\/div>[\/vc_column][\/vc_row][vc_row full_width=\u00bbstretch_row_content\u00bb content_placement=\u00bbmiddle\u00bb wrap_container=\u00bbyes\u00bb css=\u00bb.vc_custom_1671791449142{padding-top: 5.5rem !important;padding-bottom: 5.5rem !important;background: #d80d07 url(\/\/sw-themes.com\/porto_dummy\/wp-content\/uploads\/2020\/12\/industry-background-2.jpg?id=125) !important;background-position: center !important;background-repeat: no-repeat !important;background-size: cover !important;}\u00bb el_class=\u00bboverlay-primary\u00bb conditional_render=\u00bb%5B%7B%22value_role%22%3A%22administrator%22%7D%5D\u00bb][vc_column width=\u00bb2\/3&#8243; el_class=\u00bbmb-4 mb-lg-0&#8243; offset=\u00bbvc_col-md-9&#8243;][vc_custom_heading text=\u00bbValoramos tu caso sin ning\u00fan compromiso\u00bb font_container=\u00bbtag:h2|font_size:2.2em|text_align:left|line_height:1.3636&#8243; use_theme_fonts=\u00bbyes\u00bb font_weight=\u00bb700&#8243; skin=\u00bblight\u00bb letter_spacing=\u00bb.16em\u00bb el_class=\u00bbmb-0&#8243;][\/vc_column][vc_column offset=\u00bbvc_col-md-3&#8243;][vc_btn title=\u00bbMe interesa\u00bb style=\u00bbmodern\u00bb size=\u00bblg\u00bb align=\u00bbleft\u00bb skin=\u00bblight\u00bb btn_fw=\u00bb700&#8243; animation_delay=\u00bb900&#8243; link=\u00bburl:https%3A%2F%2Fwww.nemea.cat%2Fes%2Fpresupuesto%2F|title:Presupuesto\u00bb el_class=\u00bbbtn-triangle text-lg-end mb-0&#8243;][\/vc_column][\/vc_row][vc_row wrap_container=\u00bbyes\u00bb el_class=\u00bbmy-5 pt-4&#8243;][vc_column offset=\u00bbvc_col-lg-5 vc_col-md-6&#8243; el_class=\u00bbmb-5 mb-lg-0&#8243;]<div class=\"porto-animation overflow-hidden pt-lg-3 mb-2 mt-lg-4\" >[vc_custom_heading text=\u00bbOtros Servicios\u00bb font_container=\u00bbtag:h2|font_size:3em|text_align:left|line_height:1.2&#8243; use_theme_fonts=\u00bbyes\u00bb font_weight=\u00bb700&#8243; animation_delay=\u00bb200&#8243; el_class=\u00bbmb-0&#8243; animation_type=\u00bbmaskUp\u00bb]<\/div><div class=\"porto-animation overflow-hidden mb-3\" >[vc_custom_heading text=\u00bbNEMEA &#8211; SISTEMAS CONTRA INCENDIOS\u00bb font_container=\u00bbtag:h3|font_size:1.2em|text_align:left|line_height:24px\u00bb use_theme_fonts=\u00bbyes\u00bb font_weight=\u00bb500&#8243; skin=\u00bbprimary\u00bb letter_spacing=\u00bb2.5px\u00bb animation_delay=\u00bb400&#8243; el_class=\u00bbmb-0&#8243; animation_type=\u00bbmaskUp\u00bb]<\/div>[vc_custom_heading text=\u00bbLos productos que instalamos est\u00e1n homologados y acreditados del cumplimiento de los requisitos de seguridad y marcado CE. Pero no te alarmes, el conocimiento de la normativa nos corresponde a nosotros. Comp\u00e1rtenos tus dudas y nosotros las resolveremos con mucho gusto, del mismo modo que te suministraremos los mejores medios para tu instalaci\u00f3n.\u00bb font_container=\u00bbtag:p|font_size:1.4em|text_align:left|line_height:1.7&#8243; use_theme_fonts=\u00bbyes\u00bb animation_delay=\u00bb600&#8243; el_class=\u00bbcustom-font1 mb-0&#8243; animation_type=\u00bbfadeInUp\u00bb][\/vc_column][vc_column offset=\u00bbvc_col-lg-7 vc_col-md-6&#8243;]<div class=\"porto-carousel owl-carousel has-ccols has-ccols-spacing ccols-xl-3 ccols-lg-1 ccols-md-2 ccols-sm-1 ccols-1 stage-margin wpb_custom_324659f3639fc50e0d07e21da55ccd7b nav-pos-inside nav-style-1\" data-appear-animation=\"fadeInUp\" data-appear-animation-delay=\"750\" data-plugin-options=\"{&quot;themeConfig&quot;:true,&quot;stagePadding&quot;:75,&quot;margin&quot;:20,&quot;autoplay&quot;:false,&quot;mouseDrag&quot;:true,&quot;touchDrag&quot;:true,&quot;autoplayTimeout&quot;:5000,&quot;autoplayHoverPause&quot;:false,&quot;items&quot;:3,&quot;xl&quot;:3,&quot;lg&quot;:1,&quot;md&quot;:2,&quot;sm&quot;:1,&quot;xs&quot;:1,&quot;nav&quot;:&quot;yes&quot;,&quot;dots&quot;:false,&quot;animateIn&quot;:&quot;&quot;,&quot;animateOut&quot;:&quot;&quot;,&quot;loop&quot;:false,&quot;center&quot;:false,&quot;video&quot;:false,&quot;lazyLoad&quot;:false,&quot;fullscreen&quot;:false}\"><div class=\"porto-ultimate-content-box-container pc-thumb-info-style-1\"><style>.porto_ucb_e1b343c86e150cae53e77091f285db69{will-change: box-shadow;box-shadow: none;}.porto_ucb_e1b343c86e150cae53e77091f285db69:hover{box-shadow:none}<\/style><a aria-label=\"Anchor of Ultimate Content Box Container\" class=\"porto-ultimate-content-box-anchor\" href=\"https:\/\/www.nemea.cat\/es\/servicios\/baja-tension\/\" title='Baja tensi\u00f3n'  ><div class=\"porto-ultimate-content-box porto_ucb_e1b343c86e150cae53e77091f285db69\" style=\"\">[vc_single_image image=\u00bb470&#8243; img_size=\u00bbfull\u00bb alignment=\u00bbcenter\u00bb el_class=\u00bbmb-0 custom-thumb-info-icon\u00bb css=\u00bb.vc_custom_1671193632857{padding-top: 2.5rem !important;padding-bottom: 2.5rem !important;}\u00bb][vc_single_image image=\u00bb692&#8243; img_size=\u00bbfull\u00bb alignment=\u00bbcenter\u00bb el_class=\u00bbmb-3 thumb-info-wrapper\u00bb][vc_custom_heading text=\u00bbInstalaciones el\u00e9ctricas para baja tensi\u00f3n en edificios, industrias e infraestructuras\u00bb font_container=\u00bbtag:h4|font_size:1.125rem|text_align:center\u00bb use_theme_fonts=\u00bbyes\u00bb font_weight=\u00bb600&#8243; el_class=\u00bbmb-0&#8243; link=\u00bburl:https%3A%2F%2Fwww.nemea.cat%2Fes%2Fservicios%2Fbaja-tension%2F|title:Instalaciones%20el%C3%A9ctricas%20para%20baja%20tensi%C3%B3n\u00bb]<\/div><\/a><\/div><div class=\"porto-ultimate-content-box-container pc-thumb-info-style-1\"><style>.porto_ucb_e1b343c86e150cae53e77091f285db69{will-change: box-shadow;box-shadow: none;}.porto_ucb_e1b343c86e150cae53e77091f285db69:hover{box-shadow:none}<\/style><a aria-label=\"Anchor of Ultimate Content Box Container\" class=\"porto-ultimate-content-box-anchor\" href=\"https:\/\/www.nemea.cat\/es\/servicios\/instalacion-termica\/\" title='Instalaciones t\u00e9rmicas'  ><div class=\"porto-ultimate-content-box porto_ucb_e1b343c86e150cae53e77091f285db69\" style=\"\">[vc_single_image image=\u00bb467&#8243; img_size=\u00bbfull\u00bb alignment=\u00bbcenter\u00bb el_class=\u00bbmb-0 custom-thumb-info-icon\u00bb css=\u00bb.vc_custom_1671787829023{padding-top: 2.5rem !important;padding-bottom: 2.5rem !important;}\u00bb][vc_single_image image=\u00bb701&#8243; img_size=\u00bbfull\u00bb alignment=\u00bbcenter\u00bb el_class=\u00bbmb-3 thumb-info-wrapper\u00bb][vc_custom_heading text=\u00bbInstalaciones t\u00e9rmicas en edificios\u00bb font_container=\u00bbtag:h4|font_size:1.125rem|text_align:center\u00bb use_theme_fonts=\u00bbyes\u00bb font_weight=\u00bb600&#8243; el_class=\u00bbmb-0&#8243; link=\u00bburl:https%3A%2F%2Fwww.nemea.cat%2Fes%2Fservicios%2Finstalacion-termica%2F|title:Instalaciones%20t%C3%A9rmicas\u00bb]<\/div><\/a><\/div><div class=\"porto-ultimate-content-box-container pc-thumb-info-style-1\"><style>.porto_ucb_e1b343c86e150cae53e77091f285db69{will-change: box-shadow;box-shadow: none;}.porto_ucb_e1b343c86e150cae53e77091f285db69:hover{box-shadow:none}<\/style><a aria-label=\"Anchor of Ultimate Content Box Container\" class=\"porto-ultimate-content-box-anchor\" href=\"https:\/\/www.nemea.cat\/es\/servicios\/instalacion-de-energias-renovables\/\" title='Instalaciones energ\u00edas renovables'  ><div class=\"porto-ultimate-content-box porto_ucb_e1b343c86e150cae53e77091f285db69\" style=\"\">[vc_single_image image=\u00bb469&#8243; img_size=\u00bbfull\u00bb alignment=\u00bbcenter\u00bb el_class=\u00bbmb-0 custom-thumb-info-icon\u00bb css=\u00bb.vc_custom_1671787800790{padding-top: 2.5rem !important;padding-bottom: 2.5rem !important;}\u00bb][vc_single_image image=\u00bb833&#8243; img_size=\u00bbfull\u00bb alignment=\u00bbcenter\u00bb el_class=\u00bbmb-3 thumb-info-wrapper\u00bb][vc_custom_heading text=\u00bbInstalaci\u00f3n de energ\u00edas renovables\u00bb font_container=\u00bbtag:h4|font_size:1.125rem|text_align:center\u00bb use_theme_fonts=\u00bbyes\u00bb font_weight=\u00bb600&#8243; el_class=\u00bbmb-0&#8243; link=\u00bburl:https%3A%2F%2Fwww.nemea.cat%2Fes%2Fservicios%2Finstalacion-de-energias-renovables%2F|title:Instalaciones%20energ%C3%ADas%20renovables\u00bb]<\/div><\/a><\/div><\/div>[\/vc_column][\/vc_row][vc_row][vc_column][\/vc_column][\/vc_row]<\/p>\n<\/div>","protected":false},"excerpt":{"rendered":"<p>[vc_row full_width=\u00bbstretch_row_content\u00bb css=\u00bb.vc_custom_1671791406540{background-color: #f7f7f7 !important;}\u00bb conditional_render=\u00bb%5B%7B%22value_role%22%3A%22administrator%22%7D%5D\u00bb][vc_column el_class=\u00bbpt-5 pb-2 pb-lg-5&#8243;][vc_raw_html el_class=\u00bbmb-0 tri-bottom\u00bb]JTNDc3ZnJTIwdmVyc2lvbiUzRCUyMjEuMSUyMiUyMHhtbG5zJTNEJTIyaHR0cCUzQSUyRiUyRnd3dy53My5vcmclMkYyMDAwJTJGc3ZnJTIyJTIweG1sbnMlM0F4bGluayUzRCUyMmh0dHAlM0ElMkYlMkZ3d3cudzMub3JnJTJGMTk5OSUyRnhsaW5rJTIyJTIweCUzRCUyMjBweCUyMiUyMHklM0QlMjIwcHglMjIlMjB2aWV3Qm94JTNEJTIyMCUyMDAlMjAyMDAwJTIwMTIwJTIyJTIwcHJlc2VydmVBc3BlY3RSYXRpbyUzRCUyMnhNaW5ZTWluJTIyJTNFJTBBJTA5JTNDcG9seWdvbiUyMGZpbGwlM0QlMjIlMjNGRkYlMjIlMjBwb2ludHMlM0QlMjItMTElMkMyJTIwNjkzJTJDMTEyJTIwMjAxOSUyQzYlMjAyMDE5JTJDMTM1JTIwLTExJTJDMTM1JTIwJTIyJTNFJTNDJTJGcG9seWdvbiUzRSUwQSUzQyUyRnN2ZyUzRQ==[\/vc_raw_html][\/vc_column][\/vc_row][vc_row full_width=\u00bbstretch_row_content\u00bb content_placement=\u00bbmiddle\u00bb wrap_container=\u00bbyes\u00bb css=\u00bb.vc_custom_1671791449142{padding-top: 5.5rem !important;padding-bottom: 5.5rem !important;background: #d80d07 url(\/\/sw-themes.com\/porto_dummy\/wp-content\/uploads\/2020\/12\/industry-background-2.jpg?id=125) !important;background-position: center !important;background-repeat: no-repeat !important;background-size: cover !important;}\u00bb el_class=\u00bboverlay-primary\u00bb conditional_render=\u00bb%5B%7B%22value_role%22%3A%22administrator%22%7D%5D\u00bb][vc_column width=\u00bb2\/3&#8243; el_class=\u00bbmb-4 mb-lg-0&#8243; offset=\u00bbvc_col-md-9&#8243;][vc_custom_heading text=\u00bbValoramos tu caso sin ning\u00fan compromiso\u00bb font_container=\u00bbtag:h2|font_size:2.2em|text_align:left|line_height:1.3636&#8243; use_theme_fonts=\u00bbyes\u00bb font_weight=\u00bb700&#8243; skin=\u00bblight\u00bb letter_spacing=\u00bb.16em\u00bb el_class=\u00bbmb-0&#8243;][\/vc_column][vc_column offset=\u00bbvc_col-md-3&#8243;][vc_btn title=\u00bbMe interesa\u00bb style=\u00bbmodern\u00bb size=\u00bblg\u00bb align=\u00bbleft\u00bb skin=\u00bblight\u00bb btn_fw=\u00bb700&#8243; animation_delay=\u00bb900&#8243; [&hellip;]<\/p>\n","protected":false},"author":1,"featured_media":0,"parent":897,"menu_order":0,"comment_status":"closed","ping_status":"closed","template":"","meta":{"_acf_changed":false,"om_disable_all_campaigns":false,"_monsterinsights_skip_tracking":false,"_monsterinsights_sitenote_active":false,"_monsterinsights_sitenote_note":"","_monsterinsights_sitenote_category":0,"footnotes":""},"class_list":["post-892","page","type-page","status-publish","hentry"],"acf":[],"aioseo_notices":[],"_links":{"self":[{"href":"https:\/\/www.nemea.cat\/es\/wp-json\/wp\/v2\/pages\/892","targetHints":{"allow":["GET"]}}],"collection":[{"href":"https:\/\/www.nemea.cat\/es\/wp-json\/wp\/v2\/pages"}],"about":[{"href":"https:\/\/www.nemea.cat\/es\/wp-json\/wp\/v2\/types\/page"}],"author":[{"embeddable":true,"href":"https:\/\/www.nemea.cat\/es\/wp-json\/wp\/v2\/users\/1"}],"replies":[{"embeddable":true,"href":"https:\/\/www.nemea.cat\/es\/wp-json\/wp\/v2\/comments?post=892"}],"version-history":[{"count":7,"href":"https:\/\/www.nemea.cat\/es\/wp-json\/wp\/v2\/pages\/892\/revisions"}],"predecessor-version":[{"id":1055,"href":"https:\/\/www.nemea.cat\/es\/wp-json\/wp\/v2\/pages\/892\/revisions\/1055"}],"up":[{"embeddable":true,"href":"https:\/\/www.nemea.cat\/es\/wp-json\/wp\/v2\/pages\/897"}],"wp:attachment":[{"href":"https:\/\/www.nemea.cat\/es\/wp-json\/wp\/v2\/media?parent=892"}],"curies":[{"name":"wp","href":"https:\/\/api.w.org\/{rel}","templated":true}]}}