{"id":880,"date":"2022-12-19T09:01:00","date_gmt":"2022-12-19T09:01:00","guid":{"rendered":"https:\/\/www.nemea.cat\/mapa-web\/"},"modified":"2022-12-27T07:44:07","modified_gmt":"2022-12-27T07:44:07","slug":"mapa-web","status":"publish","type":"page","link":"https:\/\/www.nemea.cat\/es\/mapa-web\/","title":{"rendered":"Mapa Web"},"content":{"rendered":"<div class=\"wsp-container\"><h2 class=\"wsp-pages-title\">P\u00e1ginas<\/h2>\n<ul class=\"wsp-pages-list\">\n<li class=\"page_item page-item-857\"><a href=\"https:\/\/www.nemea.cat\/es\/contacto\/\">Contacto<\/a><\/li>\n<li class=\"page_item page-item-885\"><a href=\"https:\/\/www.nemea.cat\/es\/empleo\/\">Empleo<\/a><\/li>\n<li class=\"page_item page-item-862\"><a href=\"https:\/\/www.nemea.cat\/es\/\">Inicio<\/a><\/li>\n<li class=\"page_item page-item-880\"><a href=\"https:\/\/www.nemea.cat\/es\/mapa-web\/\">Mapa Web<\/a><\/li>\n<li class=\"page_item page-item-1071\"><a href=\"https:\/\/www.nemea.cat\/es\/politica-de-cookies\/\">Pol\u00edtica de cookies<\/a><\/li>\n<li class=\"page_item page-item-882\"><a href=\"https:\/\/www.nemea.cat\/es\/politica-de-privacidad\/\">Pol\u00edtica de privacidad<\/a><\/li>\n<li class=\"page_item page-item-896\"><a href=\"https:\/\/www.nemea.cat\/es\/presupuesto\/\">Presupuesto<\/a><\/li>\n<li class=\"page_item page-item-897 page_item_has_children\"><a href=\"https:\/\/www.nemea.cat\/es\/servicios\/\">Servicios<\/a>\n<ul class='children'>\n\t<li class=\"page_item page-item-881\"><a href=\"https:\/\/www.nemea.cat\/es\/servicios\/instalacion-de-energias-renovables\/\">Instalaci\u00f3n de energ\u00edas renovables<\/a><\/li>\n\t<li class=\"page_item page-item-890\"><a href=\"https:\/\/www.nemea.cat\/es\/servicios\/baja-tension\/\">Instalaciones el\u00e9ctricas para baja tensi\u00f3n<\/a><\/li>\n\t<li class=\"page_item page-item-891\"><a href=\"https:\/\/www.nemea.cat\/es\/servicios\/instalacion-termica\/\">Instalaciones t\u00e9rmicas en edificios<\/a><\/li>\n\t<li class=\"page_item page-item-892\"><a href=\"https:\/\/www.nemea.cat\/es\/servicios\/seguridad-incendios\/\">Sistemas de seguridad y contra incendios<\/a><\/li>\n<\/ul>\n<\/li>\n<li class=\"page_item page-item-901\"><a href=\"https:\/\/www.nemea.cat\/es\/sobre-nosotros\/\">Sobre Nosotros<\/a><\/li>\n<\/ul>\n<\/div>\n","protected":false},"excerpt":{"rendered":"P\u00e1ginas Contacto Empleo Inicio Mapa Web Pol\u00edtica de cookies Pol\u00edtica de privacidad Presupuesto Servicios Instalaci\u00f3n de energ\u00edas renovables Instalaciones el\u00e9ctricas para baja tensi\u00f3n Instalaciones t\u00e9rmicas en edificios Sistemas de seguridad y contra incendios Sobre Nosotros","protected":false},"author":1,"featured_media":0,"parent":0,"menu_order":0,"comment_status":"closed","ping_status":"closed","template":"","meta":{"_acf_changed":false,"om_disable_all_campaigns":false,"_monsterinsights_skip_tracking":false,"_monsterinsights_sitenote_active":false,"_monsterinsights_sitenote_note":"","_monsterinsights_sitenote_category":0,"footnotes":""},"class_list":["post-880","page","type-page","status-publish","hentry"],"acf":[],"aioseo_notices":[],"_links":{"self":[{"href":"https:\/\/www.nemea.cat\/es\/wp-json\/wp\/v2\/pages\/880","targetHints":{"allow":["GET"]}}],"collection":[{"href":"https:\/\/www.nemea.cat\/es\/wp-json\/wp\/v2\/pages"}],"about":[{"href":"https:\/\/www.nemea.cat\/es\/wp-json\/wp\/v2\/types\/page"}],"author":[{"embeddable":true,"href":"https:\/\/www.nemea.cat\/es\/wp-json\/wp\/v2\/users\/1"}],"replies":[{"embeddable":true,"href":"https:\/\/www.nemea.cat\/es\/wp-json\/wp\/v2\/comments?post=880"}],"version-history":[{"count":2,"href":"https:\/\/www.nemea.cat\/es\/wp-json\/wp\/v2\/pages\/880\/revisions"}],"predecessor-version":[{"id":1095,"href":"https:\/\/www.nemea.cat\/es\/wp-json\/wp\/v2\/pages\/880\/revisions\/1095"}],"wp:attachment":[{"href":"https:\/\/www.nemea.cat\/es\/wp-json\/wp\/v2\/media?parent=880"}],"curies":[{"name":"wp","href":"https:\/\/api.w.org\/{rel}","templated":true}]}}